{"id":106,"date":"2021-09-07T09:37:24","date_gmt":"2021-09-07T09:37:24","guid":{"rendered":"https:\/\/staging.liquid-themes.com\/handmade\/?post_type=product&#038;p=106"},"modified":"2022-10-11T14:46:10","modified_gmt":"2022-10-11T14:46:10","slug":"salsa-tartufata-al-10","status":"publish","type":"product","link":"https:\/\/www.tastingtruffles.com\/de\/product\/salsa-tartufata-al-10\/","title":{"rendered":"10% Tr\u00fcffelsauce"},"content":{"rendered":"<p>Eine klassische Tr\u00fcffelsauce aus Produkten nat\u00fcrlichen und italienischen Ursprungs mit 10% Tr\u00fcffel aus unserer Produktion. Ideal f\u00fcr Vorspeisen, erste G\u00e4nge (als Geschmacksverst\u00e4rker von Tr\u00fcffeln) und zweite G\u00e4nge.<br \/>\nWir empfehlen das 500-Gramm-Format f\u00fcr die Gastronomie, w\u00e4hrend f\u00fcr den Hausgebrauch die 80-Gramm-Version empfohlen wird, die f\u00fcr eine Kapazit\u00e4t von 3\/4 Personen ausreicht.<\/p>\n<p>Bewahren Sie das Glas nach dem \u00d6ffnen im K\u00fchlschrank auf.<br \/>\nDas Verfallsdatum des Produkts betr\u00e4gt 2 Jahre nach Verpackung.<\/p>\n<p>Zutaten:<\/p>\n<p>\u2013 Champignons (Agaricus bisporus) 75%<br \/>\n\u2013 Schwarze Olivenpaste 10 %<br \/>\n<strong>\u2013 Schwarzer Sommertr\u00fcffel (tuber estivum vitt.) 10%<br \/>\n<\/strong>\u2013 Sonnenblumen\u00f6l<br \/>\n\u2013 Aromen<br \/>\n\u2013 Zitronens\u00e4ure<br \/>\n\u2013 Salz<\/p>","protected":false},"excerpt":{"rendered":"<p>Eine klassische Tr\u00fcffelsauce aus Produkten nat\u00fcrlichen und italienischen Ursprungs mit 10% Tr\u00fcffel aus unserer Produktion.<\/p>","protected":false},"featured_media":1030,"comment_status":"open","ping_status":"closed","template":"","meta":{"_seopress_robots_primary_cat":"none"},"product_cat":[80],"product_tag":[94,93],"class_list":["post-106","product","type-product","status-publish","has-post-thumbnail","hentry","product_cat-confezionati-al-tartufo","product_tag-salsa-tartufata","product_tag-tartufo-nero-estivo"],"_links":{"self":[{"href":"https:\/\/www.tastingtruffles.com\/de\/wp-json\/wp\/v2\/product\/106","targetHints":{"allow":["GET"]}}],"collection":[{"href":"https:\/\/www.tastingtruffles.com\/de\/wp-json\/wp\/v2\/product"}],"about":[{"href":"https:\/\/www.tastingtruffles.com\/de\/wp-json\/wp\/v2\/types\/product"}],"replies":[{"embeddable":true,"href":"https:\/\/www.tastingtruffles.com\/de\/wp-json\/wp\/v2\/comments?post=106"}],"wp:featuredmedia":[{"embeddable":true,"href":"https:\/\/www.tastingtruffles.com\/de\/wp-json\/wp\/v2\/media\/1030"}],"wp:attachment":[{"href":"https:\/\/www.tastingtruffles.com\/de\/wp-json\/wp\/v2\/media?parent=106"}],"wp:term":[{"taxonomy":"product_cat","embeddable":true,"href":"https:\/\/www.tastingtruffles.com\/de\/wp-json\/wp\/v2\/product_cat?post=106"},{"taxonomy":"product_tag","embeddable":true,"href":"https:\/\/www.tastingtruffles.com\/de\/wp-json\/wp\/v2\/product_tag?post=106"}],"curies":[{"name":"wp","href":"https:\/\/api.w.org\/{rel}","templated":true}]}}