{"id":820,"date":"2022-07-27T18:01:44","date_gmt":"2022-07-27T18:01:44","guid":{"rendered":"https:\/\/www.tastingtruffles.com\/?post_type=product&#038;p=820"},"modified":"2023-09-25T20:47:07","modified_gmt":"2023-09-25T20:47:07","slug":"pasta-di-tartufo-nero-estivo-al-95","status":"publish","type":"product","link":"https:\/\/www.tastingtruffles.com\/de\/product\/pasta-di-tartufo-nero-estivo-al-95\/","title":{"rendered":"95% schwarze Sommertr\u00fcffelpaste"},"content":{"rendered":"<p>Die schwarzen Sommertr\u00fcffelnudeln bestehen zu 95% aus Tr\u00fcffeln aus eigener Produktion, ideal f\u00fcr alle Arten von Gerichten von der Vorspeise bis zum Hauptgang, eine bequeme Art, Tr\u00fcffel in der Familie und auch in der Gastronomie zu verkosten.<br \/>\nF\u00fcr die Gastronomie empfehlen wir das 200-g-Format, w\u00e4hrend f\u00fcr den Hausgebrauch die 80-g-Version f\u00fcr eine Kapazit\u00e4t von 3\/4 Personen ausreicht.<\/p>\n<p>Bewahren Sie das Glas nach dem \u00d6ffnen im K\u00fchlschrank auf.<br \/>\nDas Verfallsdatum des Produkts betr\u00e4gt 2 Jahre nach Verpackung.<\/p>\n<p>Zutaten:<\/p>\n<p>&#8211; <strong>Tartufo Nero Estivo (tuber estivum vitt.) 95 %\u00a0<\/strong><br \/>\n\u2013 Sonnenblumen\u00f6l<br \/>\n\u2013 Aromen<br \/>\n\u2013 Salz<br \/>\n\u2013 Zitronens\u00e4ure<\/p>","protected":false},"excerpt":{"rendered":"<p>Die schwarzen Sommertr\u00fcffelnudeln bestehen zu 95% aus Tr\u00fcffeln aus eigener Produktion, ideal f\u00fcr alle Arten von Gerichten von der Vorspeise bis zum Hauptgang, eine bequeme Art, Tr\u00fcffel in der Familie und auch in der Gastronomie zu verkosten.<\/p>","protected":false},"featured_media":1027,"comment_status":"open","ping_status":"closed","template":"","meta":{"_seopress_robots_primary_cat":"none"},"product_cat":[80],"product_tag":[94,93],"class_list":["post-820","product","type-product","status-publish","has-post-thumbnail","hentry","product_cat-confezionati-al-tartufo","product_tag-salsa-tartufata","product_tag-tartufo-nero-estivo"],"_links":{"self":[{"href":"https:\/\/www.tastingtruffles.com\/de\/wp-json\/wp\/v2\/product\/820","targetHints":{"allow":["GET"]}}],"collection":[{"href":"https:\/\/www.tastingtruffles.com\/de\/wp-json\/wp\/v2\/product"}],"about":[{"href":"https:\/\/www.tastingtruffles.com\/de\/wp-json\/wp\/v2\/types\/product"}],"replies":[{"embeddable":true,"href":"https:\/\/www.tastingtruffles.com\/de\/wp-json\/wp\/v2\/comments?post=820"}],"wp:featuredmedia":[{"embeddable":true,"href":"https:\/\/www.tastingtruffles.com\/de\/wp-json\/wp\/v2\/media\/1027"}],"wp:attachment":[{"href":"https:\/\/www.tastingtruffles.com\/de\/wp-json\/wp\/v2\/media?parent=820"}],"wp:term":[{"taxonomy":"product_cat","embeddable":true,"href":"https:\/\/www.tastingtruffles.com\/de\/wp-json\/wp\/v2\/product_cat?post=820"},{"taxonomy":"product_tag","embeddable":true,"href":"https:\/\/www.tastingtruffles.com\/de\/wp-json\/wp\/v2\/product_tag?post=820"}],"curies":[{"name":"wp","href":"https:\/\/api.w.org\/{rel}","templated":true}]}}